{"id":6827,"date":"2022-09-23T12:06:06","date_gmt":"2022-09-23T17:06:06","guid":{"rendered":"http:\/\/clark-insurance.one.zysites.com\/employment-application\/"},"modified":"2022-09-26T14:26:38","modified_gmt":"2022-09-26T19:26:38","slug":"employment-application","status":"publish","type":"page","link":"https:\/\/www.myclarkinsurance.com\/es\/employment-application\/","title":{"rendered":"Aplicaci\u00f3n de Empleo"},"content":{"rendered":"<h2><em>Interesado en trabajar para nosotros en Clark Insurance &amp; \u00bfInversiones? \u00a1H\u00e1ganos saber hoy!<\/em><\/h2>\n<p>Por favor, descargue la siguiente Solicitud de empleo y compl\u00e9tela de la forma m\u00e1s completa posible. Puede escanear la Solicitud completa y enviarla en el formulario a continuaci\u00f3n, o enviarnos un correo electr\u00f3nico a <a href=\"mailto:clarkinsinv1@yahoo.com\">clarkinsinv1@yahoo.com<\/a>.<\/p>\n<h2><a href=\"http:\/\/clark-insurance.one.zysites.com\/wp-content\/uploads\/sites\/138\/2022\/09\/employment_application.pdf\"><img decoding=\"async\" class=\"alignnone size-full wp-image-6810 lazyload\" data-src=\"http:\/\/clark-insurance.one.zysites.com\/wp-content\/uploads\/sites\/138\/2022\/09\/download.png\" alt=\"\" width=\"64\" height=\"64\" src=\"data:image\/svg+xml;base64,PHN2ZyB3aWR0aD0iMSIgaGVpZ2h0PSIxIiB4bWxucz0iaHR0cDovL3d3dy53My5vcmcvMjAwMC9zdmciPjwvc3ZnPg==\" style=\"--smush-placeholder-width: 64px; --smush-placeholder-aspect-ratio: 64\/64;\" \/> employment_application.pdf<\/a><\/h2>\n","protected":false},"excerpt":{"rendered":"<p>Interesado en trabajar para nosotros en Clark Insurance &amp; \u00bfInversiones? \u00a1H\u00e1ganos saber hoy! Por favor, descargue la siguiente Solicitud de empleo y compl\u00e9tela de la forma m\u00e1s completa posible. Puede escanear la Solicitud completa y enviarla en el formulario a continuaci\u00f3n, o enviarnos un correo electr\u00f3nico a clarkinsinv1@yahoo.com. employment_application.pdf<\/p>\n","protected":false},"author":9,"featured_media":0,"parent":0,"menu_order":0,"comment_status":"closed","ping_status":"closed","template":"","meta":{"_acf_changed":false,"_seopress_robots_primary_cat":null,"_seopress_titles_title":"","_seopress_titles_desc":"","_seopress_robots_index":"","_analytify_skip_tracking":false,"footnotes":""},"class_list":["post-6827","page","type-page","status-publish","hentry"],"acf":[],"_links":{"self":[{"href":"https:\/\/www.myclarkinsurance.com\/es\/wp-json\/wp\/v2\/pages\/6827","targetHints":{"allow":["GET"]}}],"collection":[{"href":"https:\/\/www.myclarkinsurance.com\/es\/wp-json\/wp\/v2\/pages"}],"about":[{"href":"https:\/\/www.myclarkinsurance.com\/es\/wp-json\/wp\/v2\/types\/page"}],"author":[{"embeddable":true,"href":"https:\/\/www.myclarkinsurance.com\/es\/wp-json\/wp\/v2\/users\/9"}],"replies":[{"embeddable":true,"href":"https:\/\/www.myclarkinsurance.com\/es\/wp-json\/wp\/v2\/comments?post=6827"}],"version-history":[{"count":0,"href":"https:\/\/www.myclarkinsurance.com\/es\/wp-json\/wp\/v2\/pages\/6827\/revisions"}],"wp:attachment":[{"href":"https:\/\/www.myclarkinsurance.com\/es\/wp-json\/wp\/v2\/media?parent=6827"}],"curies":[{"name":"wp","href":"https:\/\/api.w.org\/{rel}","templated":true}]}}